{"id":1962,"date":"2018-04-29T16:26:08","date_gmt":"2018-04-29T16:26:08","guid":{"rendered":"http:\/\/composite.ee\/?page_id=1962"},"modified":"2024-12-03T10:49:07","modified_gmt":"2024-12-03T10:49:07","slug":"composite-ee","status":"publish","type":"page","link":"https:\/\/www.composite.ee\/en\/","title":{"rendered":"Composite.ee"},"content":{"rendered":"<div id=\"pl-1962\"  class=\"panel-layout\" ><div id=\"pg-1962-0\"  class=\"panel-grid panel-has-style\" ><div class=\"siteorigin-panels-stretch panel-row-style panel-row-style-for-1962-0\" data-stretch-type=\"full-width-stretch\" ><div id=\"pgc-1962-0-0\"  class=\"panel-grid-cell\" ><div id=\"panel-1962-0-0-0\" class=\"so-panel widget widget_pw_hero_columns widget-hero-columns panel-first-child panel-last-child\" data-index=\"0\" >\t\t\t\t<div class=\"hero-columns\" id=\"hero-columns-widget-0-0-0\">\n\t\t\t\t\t\t\t\t\t\t\t<div class=\"hero-columns__item\" style=\"background-image: url('https:\/\/www.composite.ee\/wp-content\/uploads\/2016\/04\/Composite.ee_esileht11-2.jpg')\">\n\t\t\t\t\t\t\t<div class=\"hero-columns__content\">\n\t\t\t\t\t\t\t\t\t<h3 class=\"hero-columns__title\">COMPOSITE MATERIALS<\/h3>\n\t\t\t\t\t\t\t\t\t<div class=\"hero-columns__text\">\n\t\t\t\t\t\t\t\t\t\tComposites are materials consisting of 2 specific types of components, for example, glue and fibres, or glue and fillers. There also may be more components and also be a built as a sandwich type system. With skilfully selected components, it is possible to create increasingly better composite materials for maritime, aeronautical, transport and construction needs.\t\t\t\t\t\t\t\t\t<\/div>\n\t\t\t\t\t\t\t<\/div>\n\t\t\t\t\t\t\t<a class=\"hero-columns__cta\" href=\"https:\/\/composite.ee\/en\/composite-materials\/\" target=\"_self\">\n\t\t\t\t\t\t\t\tVIEW PRODUCTS\t\t\t\t\t\t\t<\/a>\n\t\t\t\t\t\t\t<div class=\"hero-columns__overlay\" style=\"background-color: rgba(0, 0, 0, 0)\"><\/div>\n\t\t\t\t\t\t<\/div>\n\t\t\t\t\t\t\t\t\t\t\t<div class=\"hero-columns__item\" style=\"background-image: url('https:\/\/www.composite.ee\/wp-content\/uploads\/2016\/04\/Composite.ee_esileht2-2.jpg')\">\n\t\t\t\t\t\t\t<div class=\"hero-columns__content\">\n\t\t\t\t\t\t\t\t\t<h3 class=\"hero-columns__title\">WAXES, CHEMICALS<\/h3>\n\t\t\t\t\t\t\t\t\t<div class=\"hero-columns__text\">\n\t\t\t\t\t\t\t\t\t\tComposite material products are generally made in a form that requires good releasing capability waxes. We offer traditional waxes and also semi-permanent release agents. Chemicals are generally used to clean tools and equipment, as well as other adjuvants in the industry.\t\t\t\t\t\t\t\t\t<\/div>\n\t\t\t\t\t\t\t<\/div>\n\t\t\t\t\t\t\t<a class=\"hero-columns__cta\" href=\"https:\/\/composite.ee\/en\/waxes-and-chemicals\/\" target=\"_self\">\n\t\t\t\t\t\t\t\tVIEW PRODUCTS\t\t\t\t\t\t\t<\/a>\n\t\t\t\t\t\t\t<div class=\"hero-columns__overlay\" style=\"background-color: rgba(0, 0, 0, 0)\"><\/div>\n\t\t\t\t\t\t<\/div>\n\t\t\t\t\t\t\t\t\t\t\t<div class=\"hero-columns__item\" style=\"background-image: url('https:\/\/www.composite.ee\/wp-content\/uploads\/2016\/04\/Composite.ee_esileht3.jpg')\">\n\t\t\t\t\t\t\t<div class=\"hero-columns__content\">\n\t\t\t\t\t\t\t\t\t<h3 class=\"hero-columns__title\">EQUIPMENT, ACCESSORIES<\/h3>\n\t\t\t\t\t\t\t\t\t<div class=\"hero-columns__text\">\n\t\t\t\t\t\t\t\t\t\tMany different tools, equipment, and instruments are used to make composite materials. A wide range of rollers, brushes, and dispensers which make work faster and ensure higher quality. We sell guns and rollers for the Graco gelcoat and resin spraying.\t\t\t\t\t\t\t\t\t<\/div>\n\t\t\t\t\t\t\t<\/div>\n\t\t\t\t\t\t\t<a class=\"hero-columns__cta\" href=\"https:\/\/composite.ee\/en\/equipments-and-accessories\/\" target=\"_self\">\n\t\t\t\t\t\t\t\tVIEW THE EQUIPMENT\t\t\t\t\t\t\t<\/a>\n\t\t\t\t\t\t\t<div class=\"hero-columns__overlay\" style=\"background-color: rgba(0, 0, 0, 0)\"><\/div>\n\t\t\t\t\t\t<\/div>\n\t\t\t\t\t\t\t\t\t<\/div>\n\t\t\t<\/div><\/div><\/div><\/div><div id=\"pg-1962-1\"  class=\"panel-grid panel-no-style\" ><div id=\"pgc-1962-1-0\"  class=\"panel-grid-cell panel-grid-cell-mobile-last\" ><div id=\"panel-1962-1-0-0\" class=\"so-panel widget widget_text panel-first-child panel-last-child\" data-index=\"1\" ><h3 class=\"widget-title\"><span class=\"widget-title__inline\">NEWS AND OFFERS<\/span><\/h3>\t\t\t<div class=\"textwidget\"><\/div>\n\t\t<\/div><\/div><div id=\"pgc-1962-1-1\"  class=\"panel-grid-cell panel-grid-cell-empty\" ><\/div><\/div><div id=\"pg-1962-2\"  class=\"panel-grid panel-no-style\" ><div id=\"pgc-1962-2-0\"  class=\"panel-grid-cell\" ><div id=\"panel-1962-2-0-0\" class=\"so-panel widget widget_pw_latest_news widget-latest-news panel-first-child panel-last-child\" data-index=\"2\" ><div class=\"panel-widget-style panel-widget-style-for-1962-2-0-0\" >\n\t\t\t\t\t\t<div class=\"card  latest-news  latest-news--block\">\n\t\t\t\t\t\t\t\t\t<a href=\"https:\/\/www.composite.ee\/en\/merry-christmas-and-happy-new-year\/\" class=\"latest-news__image\">\n\t\t\t\t\t\t<img loading=\"lazy\" decoding=\"async\" src=\"https:\/\/www.composite.ee\/wp-content\/uploads\/2025\/12\/image001-360x204.png\" width=\"360\" height=\"204\" srcset=\"https:\/\/www.composite.ee\/wp-content\/uploads\/2025\/12\/image001-360x204.png 360w, https:\/\/www.composite.ee\/wp-content\/uploads\/2025\/12\/image001.png 1280w\" sizes=\"auto, (min-width: 992px) 360px, calc(100vw - 30px)\" class=\"card-img-top  wp-post-image\" alt=\"Merry Christmas and Happy New Year!\">\n\t\t\t\t\t<\/a>\n\t\t\t\t\n\t\t\t\t<div class=\"card-block  latest-news__content\">\n\t\t\t\t\t\t\t\t\t\t\t<time class=\"latest-news__date\" datetime=\"2025-12-09T08:59:26+00:00\">December 9, 2025<\/time>\n\t\t\t\t\t\t\t\t\t\t<h4 class=\"card-title  latest-news__title\"><a href=\"https:\/\/www.composite.ee\/en\/merry-christmas-and-happy-new-year\/\">Merry Christmas and Happy New Year!<\/a><\/h4>\n\t\t\t\t\t<div class=\"card-text  latest-news__text\">\n\t\t\t\t\t\tMerry Christmas and Happy New Year!\t\t\t\t\t<\/div>\n\t\t\t\t<\/div>\n\t\t\t<\/div>\n\t\t\t\t\t\n<\/div><\/div><\/div><div id=\"pgc-1962-2-1\"  class=\"panel-grid-cell\" ><div id=\"panel-1962-2-1-0\" class=\"so-panel widget widget_pw_latest_news widget-latest-news panel-first-child panel-last-child\" data-index=\"3\" ><div class=\"panel-widget-style panel-widget-style-for-1962-2-1-0\" >\n\t\t\t\t\t\t<div class=\"card  latest-news  latest-news--block\">\n\t\t\t\t\t\t\t\t\t<a href=\"https:\/\/www.composite.ee\/en\/composite-eesti-ou-has-begun-to-sell-the-company-munch-chemies-mold-release-agent-series-mikon\/\" class=\"latest-news__image\">\n\t\t\t\t\t\t<img loading=\"lazy\" decoding=\"async\" src=\"https:\/\/www.composite.ee\/wp-content\/uploads\/2018\/04\/munch-360x204.jpg\" width=\"360\" height=\"204\" srcset=\"https:\/\/www.composite.ee\/wp-content\/uploads\/2018\/04\/munch-360x204.jpg 360w, https:\/\/www.composite.ee\/wp-content\/uploads\/2018\/04\/munch.jpg 1170w\" sizes=\"auto, (min-width: 992px) 360px, calc(100vw - 30px)\" class=\"card-img-top  wp-post-image\" alt=\"Composite Eesti O\u00dc Has Begun to Sell the Company M\u00fcnch Chemie\u2019s Mold Release Agent Series Mikon.\">\n\t\t\t\t\t<\/a>\n\t\t\t\t\n\t\t\t\t<div class=\"card-block  latest-news__content\">\n\t\t\t\t\t\t\t\t\t\t\t<time class=\"latest-news__date\" datetime=\"2018-04-10T10:08:47+00:00\">April 10, 2018<\/time>\n\t\t\t\t\t\t\t\t\t\t<h4 class=\"card-title  latest-news__title\"><a href=\"https:\/\/www.composite.ee\/en\/composite-eesti-ou-has-begun-to-sell-the-company-munch-chemies-mold-release-agent-series-mikon\/\">Composite Eesti O\u00dc Has Begun to Sell the Company M\u00fcnch Chemie\u2019s Mold Release Agent Series Mikon.<\/a><\/h4>\n\t\t\t\t\t<div class=\"card-text  latest-news__text\">\n\t\t\t\t\t\tThe company M\u00fcnch Chemie International has won the European Composite Industry Innovation Award thanks to its cutting edge release agents.\r\n<p><a href=\"https:\/\/composite.ee\/en\/composite-eesti-ou-has-begun-to-sell-the-company-munch-chemies-mold-release-agent-series-mikon\/\">Read more...<\/a><\/p>\t\t\t\t\t<\/div>\n\t\t\t\t<\/div>\n\t\t\t<\/div>\n\t\t\t\t\t\n<\/div><\/div><\/div><div id=\"pgc-1962-2-2\"  class=\"panel-grid-cell\" ><div id=\"panel-1962-2-2-0\" class=\"widget_text so-panel widget widget_custom_html panel-first-child panel-last-child\" data-index=\"4\" ><div class=\"textwidget custom-html-widget\"><script type=\"text\/javascript\">jQuery(function() { _initLayerSlider( '#layerslider_1_10o2dnimrjmlm', {createdWith: '6.6.7', sliderVersion: '7.14.0', allowFullscreen: true, pauseOnHover: 'enabled', skin: 'v6', sliderFadeInDuration: 350, globalBGColor: '#ffffff', useSrcset: true, skinsPath: 'https:\/\/www.composite.ee\/wp-content\/plugins\/LayerSlider\/assets\/static\/layerslider\/skins\/', performanceMode: true}); });<\/script><link href=\"https:\/\/fonts.googleapis.com\/css?family=Lato:100,100i,200,200i,300,300i,400,400i,500,500i,600,600i,700,700i,800,800i,900,900i\" rel=\"stylesheet\"><div id=\"layerslider_1_10o2dnimrjmlm\"  class=\"ls-wp-container fitvidsignore ls-selectable\" style=\"width:698px;height:900px;margin:0 auto;margin-bottom: 0px;\"><div class=\"ls-slide\" data-ls=\"duration:3500;\"><a style=\"\" class=\"ls-l\" href=\"https:\/\/www.composite.ee\/wp-content\/uploads\/2018\/05\/balsa-wood_kodulehepakkumine.jpg\" target=\"_parent\" data-ls=\"durationin:0;position:relative;\"><img loading=\"lazy\" decoding=\"async\" width=\"3710\" height=\"1874\" src=\"https:\/\/www.composite.ee\/wp-content\/uploads\/2018\/05\/balsa-wood_kodulehepakkumine.jpg\" class=\"ls-img-layer\" alt=\"balsa ribad\" srcset=\"https:\/\/www.composite.ee\/wp-content\/uploads\/2018\/05\/balsa-wood_kodulehepakkumine.jpg 3710w, https:\/\/www.composite.ee\/wp-content\/uploads\/2018\/05\/balsa-wood_kodulehepakkumine-300x152.jpg 300w, https:\/\/www.composite.ee\/wp-content\/uploads\/2018\/05\/balsa-wood_kodulehepakkumine-768x388.jpg 768w, https:\/\/www.composite.ee\/wp-content\/uploads\/2018\/05\/balsa-wood_kodulehepakkumine-1024x517.jpg 1024w, https:\/\/www.composite.ee\/wp-content\/uploads\/2018\/05\/balsa-wood_kodulehepakkumine-540x273.jpg 540w\" sizes=\"auto, (max-width: 3710px) 100vw, 3710px\" style=\"top:-1px;left:0px;font-size:23px;color:#ffffff;width:719px;height:364px;\"><\/a><h1 style=\"background: linear-gradient(to right, #fd654d 0%, #f04879 50%, #fd654d 100%);top:320px;left:50%;font-size:100px;font-family:Lato;color:#ffffff;\" class=\"ls-l ls-text-layer\" data-ls=\"position:relative;\">Offer!<\/h1><h1 style=\"top:471px;left:50%;text-align:center;font-size:81px;color:#242582;font-family:Lato;\" class=\"ls-l ls-text-layer\" data-ls=\"position:relative;\">Balsa wood<\/h1><p style=\"top:594px;left:67px;font-size:147px;color:#fd654d;;font-family:Lato;\" class=\"ls-l ls-text-layer\" data-ls=\"position:relative;\">6\u20ac \/m\u00b2<\/p><p style=\"top:791px;left:50%;font-size:42px;color:#242582;font-family:Lato;\" class=\"ls-l ls-text-layer\" data-ls=\"position:relative;\">thickness 3,7mm<\/p><p style=\"top:664px;left:478px;font-size:75px;color:#fd654d;;\" class=\"ls-l ls-text-layer\" data-ls=\"position:relative;\">+km<\/p><a href=\"https:\/\/www.composite.ee\/wp-content\/uploads\/2018\/05\/balsa-wood_kodulehepakkumine.jpg\" target=\"_self\" class=\"ls-link ls-link-on-top\"><\/a><\/div><\/div><\/div><\/div><\/div><\/div><\/div>","protected":false},"excerpt":{"rendered":"<p>COMPOSITE MATERIALS Composites are materials consisting of 2 specific types of components, for example, glue and fibres, or glue and fillers. There also may be more components and also be a built as a sandwich type system. With skilfully selected components, it is possible to create increasingly better composite materials for maritime, aeronautical, transport and &hellip;<\/p>\n","protected":false},"author":1,"featured_media":1783,"parent":0,"menu_order":0,"comment_status":"closed","ping_status":"closed","template":"","meta":{"_acf_changed":false,"footnotes":"","_wp_rev_ctl_limit":""},"class_list":["post-1962","page","type-page","status-publish","has-post-thumbnail","hentry"],"acf":[],"yoast_head":"<!-- This site is optimized with the Yoast SEO plugin v27.1.1 - https:\/\/yoast.com\/product\/yoast-seo-wordpress\/ -->\n<title>Composite Eesti - Sale of polyester and epoxy resins<\/title>\n<meta name=\"description\" content=\"Composite Eesti O\u00dc is engaged in the import and sale of polyester and epoxy resins and related materials and supplies.Polyester resins, epoxy resins, glass, carbon and kevlar fiber materials, sandwich materials, form releasing agents, tools (rollers, guns, equipment, etc.), technical advice.\" \/>\n<meta name=\"robots\" content=\"index, follow, max-snippet:-1, max-image-preview:large, max-video-preview:-1\" \/>\n<link rel=\"canonical\" href=\"https:\/\/www.composite.ee\/en\/\" \/>\n<meta property=\"og:locale\" content=\"en_US\" \/>\n<meta property=\"og:type\" content=\"article\" \/>\n<meta property=\"og:title\" content=\"Composite Eesti - Sale of polyester and epoxy resins\" \/>\n<meta property=\"og:description\" content=\"Firma Composite Eesti O\u00dc tegeleb pol\u00fcester- ja epoks\u00fcvaikude ning nendega seonduvate materjalide ja tarvikute maaletoomise ja m\u00fc\u00fcmisega. Pol\u00fcestervaigud, epoks\u00fcvaigud, klaas- s\u00fcsinik ja kevlarkiust materjalid, sandwitch materjalid, vormi eraldusained, t\u00f6\u00f6riistad (rullid, p\u00fcstolid, seadmed jpm.), tehniline n\u00f5ustamine.\" \/>\n<meta property=\"og:url\" content=\"https:\/\/www.composite.ee\/en\/\" \/>\n<meta property=\"og:site_name\" content=\"Composite Eesti O\u00dc\" \/>\n<meta property=\"article:modified_time\" content=\"2024-12-03T10:49:07+00:00\" \/>\n<meta property=\"og:image\" content=\"https:\/\/www.composite.ee\/wp-content\/uploads\/2018\/04\/composite_favicon-1.jpg\" \/>\n\t<meta property=\"og:image:width\" content=\"1024\" \/>\n\t<meta property=\"og:image:height\" content=\"1024\" \/>\n\t<meta property=\"og:image:type\" content=\"image\/jpeg\" \/>\n<meta name=\"twitter:card\" content=\"summary_large_image\" \/>\n<meta name=\"twitter:label1\" content=\"Est. reading time\" \/>\n\t<meta name=\"twitter:data1\" content=\"2 minutes\" \/>\n<script type=\"application\/ld+json\" class=\"yoast-schema-graph\">{\"@context\":\"https:\/\/schema.org\",\"@graph\":[{\"@type\":\"WebPage\",\"@id\":\"https:\/\/www.composite.ee\/en\/\",\"url\":\"https:\/\/www.composite.ee\/en\/\",\"name\":\"Composite Eesti - Sale of polyester and epoxy resins\",\"isPartOf\":{\"@id\":\"https:\/\/www.composite.ee\/#website\"},\"primaryImageOfPage\":{\"@id\":\"https:\/\/www.composite.ee\/en\/#primaryimage\"},\"image\":{\"@id\":\"https:\/\/www.composite.ee\/en\/#primaryimage\"},\"thumbnailUrl\":\"https:\/\/www.composite.ee\/wp-content\/uploads\/2018\/04\/composite_favicon-1.jpg\",\"datePublished\":\"2018-04-29T16:26:08+00:00\",\"dateModified\":\"2024-12-03T10:49:07+00:00\",\"description\":\"Composite Eesti O\u00dc is engaged in the import and sale of polyester and epoxy resins and related materials and supplies.Polyester resins, epoxy resins, glass, carbon and kevlar fiber materials, sandwich materials, form releasing agents, tools (rollers, guns, equipment, etc.), technical advice.\",\"breadcrumb\":{\"@id\":\"https:\/\/www.composite.ee\/en\/#breadcrumb\"},\"inLanguage\":\"en-US\",\"potentialAction\":[{\"@type\":\"ReadAction\",\"target\":[\"https:\/\/www.composite.ee\/en\/\"]}]},{\"@type\":\"ImageObject\",\"inLanguage\":\"en-US\",\"@id\":\"https:\/\/www.composite.ee\/en\/#primaryimage\",\"url\":\"https:\/\/www.composite.ee\/wp-content\/uploads\/2018\/04\/composite_favicon-1.jpg\",\"contentUrl\":\"https:\/\/www.composite.ee\/wp-content\/uploads\/2018\/04\/composite_favicon-1.jpg\",\"width\":1024,\"height\":1024,\"caption\":\"Composite Eesti\"},{\"@type\":\"BreadcrumbList\",\"@id\":\"https:\/\/www.composite.ee\/en\/#breadcrumb\",\"itemListElement\":[{\"@type\":\"ListItem\",\"position\":1,\"name\":\"Home\",\"item\":\"https:\/\/www.composite.ee\/en\/\"},{\"@type\":\"ListItem\",\"position\":2,\"name\":\"Composite.ee\"}]},{\"@type\":\"WebSite\",\"@id\":\"https:\/\/www.composite.ee\/#website\",\"url\":\"https:\/\/www.composite.ee\/\",\"name\":\"Composite Eesti O\u00dc\",\"description\":\"Pol\u00fcester- ja epoks\u00fcvaigud\",\"publisher\":{\"@id\":\"https:\/\/www.composite.ee\/#organization\"},\"potentialAction\":[{\"@type\":\"SearchAction\",\"target\":{\"@type\":\"EntryPoint\",\"urlTemplate\":\"https:\/\/www.composite.ee\/?s={search_term_string}\"},\"query-input\":{\"@type\":\"PropertyValueSpecification\",\"valueRequired\":true,\"valueName\":\"search_term_string\"}}],\"inLanguage\":\"en-US\"},{\"@type\":\"Organization\",\"@id\":\"https:\/\/www.composite.ee\/#organization\",\"name\":\"Composite Eesti O\u00dc\",\"url\":\"https:\/\/www.composite.ee\/\",\"logo\":{\"@type\":\"ImageObject\",\"inLanguage\":\"en-US\",\"@id\":\"https:\/\/www.composite.ee\/#\/schema\/logo\/image\/\",\"url\":\"http:\/\/www.composite.ee\/wp-content\/uploads\/2017\/04\/Composite.ee_web_logo_2x.png\",\"contentUrl\":\"http:\/\/www.composite.ee\/wp-content\/uploads\/2017\/04\/Composite.ee_web_logo_2x.png\",\"width\":390,\"height\":184,\"caption\":\"Composite Eesti O\u00dc\"},\"image\":{\"@id\":\"https:\/\/www.composite.ee\/#\/schema\/logo\/image\/\"}}]}<\/script>\n<!-- \/ Yoast SEO plugin. -->","yoast_head_json":{"title":"Composite Eesti - Sale of polyester and epoxy resins","description":"Composite Eesti O\u00dc is engaged in the import and sale of polyester and epoxy resins and related materials and supplies.Polyester resins, epoxy resins, glass, carbon and kevlar fiber materials, sandwich materials, form releasing agents, tools (rollers, guns, equipment, etc.), technical advice.","robots":{"index":"index","follow":"follow","max-snippet":"max-snippet:-1","max-image-preview":"max-image-preview:large","max-video-preview":"max-video-preview:-1"},"canonical":"https:\/\/www.composite.ee\/en\/","og_locale":"en_US","og_type":"article","og_title":"Composite Eesti - Sale of polyester and epoxy resins","og_description":"Firma Composite Eesti O\u00dc tegeleb pol\u00fcester- ja epoks\u00fcvaikude ning nendega seonduvate materjalide ja tarvikute maaletoomise ja m\u00fc\u00fcmisega. Pol\u00fcestervaigud, epoks\u00fcvaigud, klaas- s\u00fcsinik ja kevlarkiust materjalid, sandwitch materjalid, vormi eraldusained, t\u00f6\u00f6riistad (rullid, p\u00fcstolid, seadmed jpm.), tehniline n\u00f5ustamine.","og_url":"https:\/\/www.composite.ee\/en\/","og_site_name":"Composite Eesti O\u00dc","article_modified_time":"2024-12-03T10:49:07+00:00","og_image":[{"width":1024,"height":1024,"url":"https:\/\/www.composite.ee\/wp-content\/uploads\/2018\/04\/composite_favicon-1.jpg","type":"image\/jpeg"}],"twitter_card":"summary_large_image","twitter_misc":{"Est. reading time":"2 minutes"},"schema":{"@context":"https:\/\/schema.org","@graph":[{"@type":"WebPage","@id":"https:\/\/www.composite.ee\/en\/","url":"https:\/\/www.composite.ee\/en\/","name":"Composite Eesti - Sale of polyester and epoxy resins","isPartOf":{"@id":"https:\/\/www.composite.ee\/#website"},"primaryImageOfPage":{"@id":"https:\/\/www.composite.ee\/en\/#primaryimage"},"image":{"@id":"https:\/\/www.composite.ee\/en\/#primaryimage"},"thumbnailUrl":"https:\/\/www.composite.ee\/wp-content\/uploads\/2018\/04\/composite_favicon-1.jpg","datePublished":"2018-04-29T16:26:08+00:00","dateModified":"2024-12-03T10:49:07+00:00","description":"Composite Eesti O\u00dc is engaged in the import and sale of polyester and epoxy resins and related materials and supplies.Polyester resins, epoxy resins, glass, carbon and kevlar fiber materials, sandwich materials, form releasing agents, tools (rollers, guns, equipment, etc.), technical advice.","breadcrumb":{"@id":"https:\/\/www.composite.ee\/en\/#breadcrumb"},"inLanguage":"en-US","potentialAction":[{"@type":"ReadAction","target":["https:\/\/www.composite.ee\/en\/"]}]},{"@type":"ImageObject","inLanguage":"en-US","@id":"https:\/\/www.composite.ee\/en\/#primaryimage","url":"https:\/\/www.composite.ee\/wp-content\/uploads\/2018\/04\/composite_favicon-1.jpg","contentUrl":"https:\/\/www.composite.ee\/wp-content\/uploads\/2018\/04\/composite_favicon-1.jpg","width":1024,"height":1024,"caption":"Composite Eesti"},{"@type":"BreadcrumbList","@id":"https:\/\/www.composite.ee\/en\/#breadcrumb","itemListElement":[{"@type":"ListItem","position":1,"name":"Home","item":"https:\/\/www.composite.ee\/en\/"},{"@type":"ListItem","position":2,"name":"Composite.ee"}]},{"@type":"WebSite","@id":"https:\/\/www.composite.ee\/#website","url":"https:\/\/www.composite.ee\/","name":"Composite Eesti O\u00dc","description":"Pol\u00fcester- ja epoks\u00fcvaigud","publisher":{"@id":"https:\/\/www.composite.ee\/#organization"},"potentialAction":[{"@type":"SearchAction","target":{"@type":"EntryPoint","urlTemplate":"https:\/\/www.composite.ee\/?s={search_term_string}"},"query-input":{"@type":"PropertyValueSpecification","valueRequired":true,"valueName":"search_term_string"}}],"inLanguage":"en-US"},{"@type":"Organization","@id":"https:\/\/www.composite.ee\/#organization","name":"Composite Eesti O\u00dc","url":"https:\/\/www.composite.ee\/","logo":{"@type":"ImageObject","inLanguage":"en-US","@id":"https:\/\/www.composite.ee\/#\/schema\/logo\/image\/","url":"http:\/\/www.composite.ee\/wp-content\/uploads\/2017\/04\/Composite.ee_web_logo_2x.png","contentUrl":"http:\/\/www.composite.ee\/wp-content\/uploads\/2017\/04\/Composite.ee_web_logo_2x.png","width":390,"height":184,"caption":"Composite Eesti O\u00dc"},"image":{"@id":"https:\/\/www.composite.ee\/#\/schema\/logo\/image\/"}}]}},"_links":{"self":[{"href":"https:\/\/www.composite.ee\/en\/wp-json\/wp\/v2\/pages\/1962","targetHints":{"allow":["GET"]}}],"collection":[{"href":"https:\/\/www.composite.ee\/en\/wp-json\/wp\/v2\/pages"}],"about":[{"href":"https:\/\/www.composite.ee\/en\/wp-json\/wp\/v2\/types\/page"}],"author":[{"embeddable":true,"href":"https:\/\/www.composite.ee\/en\/wp-json\/wp\/v2\/users\/1"}],"replies":[{"embeddable":true,"href":"https:\/\/www.composite.ee\/en\/wp-json\/wp\/v2\/comments?post=1962"}],"version-history":[{"count":14,"href":"https:\/\/www.composite.ee\/en\/wp-json\/wp\/v2\/pages\/1962\/revisions"}],"predecessor-version":[{"id":3711,"href":"https:\/\/www.composite.ee\/en\/wp-json\/wp\/v2\/pages\/1962\/revisions\/3711"}],"wp:featuredmedia":[{"embeddable":true,"href":"https:\/\/www.composite.ee\/en\/wp-json\/wp\/v2\/media\/1783"}],"wp:attachment":[{"href":"https:\/\/www.composite.ee\/en\/wp-json\/wp\/v2\/media?parent=1962"}],"curies":[{"name":"wp","href":"https:\/\/api.w.org\/{rel}","templated":true}]}}