{"id":1975,"date":"2017-04-05T14:48:35","date_gmt":"2017-04-05T14:48:35","guid":{"rendered":"http:\/\/composite.ee\/?page_id=1975"},"modified":"2020-03-25T12:51:12","modified_gmt":"2020-03-25T12:51:12","slug":"about-company","status":"publish","type":"page","link":"https:\/\/www.composite.ee\/en\/about-company\/","title":{"rendered":"About company"},"content":{"rendered":"<div id=\"pl-1975\"  class=\"panel-layout\" >\n<div id=\"pg-1975-0\"  class=\"panel-grid panel-no-style\"  data-style=\"{&quot;background_display&quot;:&quot;tile&quot;,&quot;bottom_margin&quot;:&quot;12px&quot;}\" >\n<div id=\"pgc-1975-0-0\"  class=\"panel-grid-cell\"  data-weight=\"0.5\" >\n<div id=\"panel-1975-0-0-0\" class=\"so-panel widget widget_text_icl panel-first-child panel-last-child\" data-index=\"0\" data-style=\"{&quot;background_image_attachment&quot;:false,&quot;background_display&quot;:&quot;tile&quot;,&quot;featured_widgets&quot;:&quot;&quot;}\" ><\/div>\n<\/div>\n<div id=\"pgc-1975-0-1\"  class=\"panel-grid-cell\"  data-weight=\"0.5\" >\n<div id=\"panel-1975-0-1-0\" class=\"so-panel widget widget_media_image panel-first-child\" data-index=\"1\" data-style=\"{&quot;background_image_attachment&quot;:false,&quot;background_display&quot;:&quot;tile&quot;,&quot;featured_widgets&quot;:&quot;&quot;}\" ><img loading=\"lazy\" decoding=\"async\" width=\"600\" height=\"184\" src=\"https:\/\/www.composite.ee\/wp-content\/uploads\/2017\/04\/pilt.jpg\" class=\"image wp-image-1360  attachment-full size-full\" alt=\"Composite Eesti\" style=\"max-width: 100%; height: auto;\" srcset=\"https:\/\/www.composite.ee\/wp-content\/uploads\/2017\/04\/pilt.jpg 600w, https:\/\/www.composite.ee\/wp-content\/uploads\/2017\/04\/pilt-300x92.jpg 300w, https:\/\/www.composite.ee\/wp-content\/uploads\/2017\/04\/pilt-540x166.jpg 540w\" sizes=\"auto, (max-width: 600px) 100vw, 600px\" \/><\/div>\n<div id=\"panel-1975-0-1-1\" class=\"so-panel widget widget_text_icl panel-last-child\" data-index=\"2\" data-style=\"{&quot;background_image_attachment&quot;:false,&quot;background_display&quot;:&quot;tile&quot;,&quot;featured_widgets&quot;:&quot;&quot;}\" ><\/div>\n<\/div>\n<\/div>\n<div id=\"pg-1975-1\"  class=\"panel-grid panel-no-style\"  data-style=\"{&quot;background_display&quot;:&quot;tile&quot;,&quot;cell_alignment&quot;:&quot;flex-start&quot;}\"  data-ratio=\"1\"  data-ratio-direction=\"right\" >\n<div id=\"pgc-1975-1-0\"  class=\"panel-grid-cell\"  data-weight=\"1\" >\n<div id=\"panel-1975-1-0-0\" class=\"so-panel widget widget_custom_html panel-first-child panel-last-child\" data-index=\"3\" data-style=\"{&quot;background_image_attachment&quot;:false,&quot;background_display&quot;:&quot;tile&quot;,&quot;featured_widgets&quot;:&quot;&quot;}\" ><h3 class=\"widget-title\">You are serviced by an experienced team at Composite Eesti O\u00dc whose contacts are:<\/h3><div class=\"textwidget custom-html-widget\"><\/div><\/div>\n<\/div>\n<\/div>\n<div id=\"pg-1975-2\"  class=\"panel-grid panel-no-style\"  data-style=\"{&quot;background_display&quot;:&quot;tile&quot;,&quot;cell_alignment&quot;:&quot;flex-start&quot;}\"  data-ratio=\"1\"  data-ratio-direction=\"right\" >\n<div id=\"pgc-1975-2-0\"  class=\"panel-grid-cell\"  data-weight=\"0.25\" >\n<div id=\"panel-1975-2-0-0\" class=\"so-panel widget widget_text_icl panel-first-child panel-last-child\" data-index=\"4\" data-style=\"{&quot;background_image_attachment&quot;:false,&quot;background_display&quot;:&quot;tile&quot;,&quot;featured_widgets&quot;:&quot;&quot;}\" ><\/div>\n<\/div>\n<div id=\"pgc-1975-2-1\"  class=\"panel-grid-cell\"  data-weight=\"0.25\" >\n<div id=\"panel-1975-2-1-0\" class=\"so-panel widget widget_text_icl panel-first-child panel-last-child\" data-index=\"5\" data-style=\"{&quot;background_image_attachment&quot;:false,&quot;background_display&quot;:&quot;tile&quot;,&quot;featured_widgets&quot;:&quot;&quot;}\" ><\/div>\n<\/div>\n<div id=\"pgc-1975-2-2\"  class=\"panel-grid-cell panel-grid-cell-empty panel-grid-cell-mobile-last\"  data-weight=\"0.25\" ><\/div>\n<div id=\"pgc-1975-2-3\"  class=\"panel-grid-cell panel-grid-cell-empty\"  data-weight=\"0.25\" ><\/div>\n<\/div>\n<\/div>\n<style type=\"text\/css\" class=\"panels-style\" data-panels-style-for-post=\"1975\">@import url(https:\/\/www.composite.ee\/wp-content\/plugins\/siteorigin-panels\/css\/front-flex.min.css); #pgc-1975-0-0 , #pgc-1975-0-1 { width:50%;width:calc(50% - ( 0.5 * 30px ) ) } #pl-1975 #panel-1975-0-0-0 , #pl-1975 #panel-1975-0-1-0 , #pl-1975 #panel-1975-0-1-1 , #pl-1975 #panel-1975-1-0-0 , #pl-1975 #panel-1975-2-0-0 , #pl-1975 #panel-1975-2-1-0 {  } #pg-1975-0 { margin-bottom:12px } #pgc-1975-1-0 { width:100%;width:calc(100% - ( 0 * 30px ) ) } #pg-1975-1 , #pl-1975 .so-panel { margin-bottom:30px } #pgc-1975-2-0 , #pgc-1975-2-1 , #pgc-1975-2-2 , #pgc-1975-2-3 { width:25%;width:calc(25% - ( 0.75 * 30px ) ) } #pl-1975 .so-panel:last-child { margin-bottom:0px } #pg-1975-1.panel-no-style, #pg-1975-1.panel-has-style > .panel-row-style , #pg-1975-2.panel-no-style, #pg-1975-2.panel-has-style > .panel-row-style { -webkit-align-items:flex-start;align-items:flex-start } @media (max-width:991px){ #pg-1975-0.panel-no-style, #pg-1975-0.panel-has-style > .panel-row-style , #pg-1975-1.panel-no-style, #pg-1975-1.panel-has-style > .panel-row-style , #pg-1975-2.panel-no-style, #pg-1975-2.panel-has-style > .panel-row-style { -webkit-flex-direction:column;-ms-flex-direction:column;flex-direction:column } #pg-1975-0 > .panel-grid-cell , #pg-1975-0 > .panel-row-style > .panel-grid-cell , #pg-1975-1 > .panel-grid-cell , #pg-1975-1 > .panel-row-style > .panel-grid-cell , #pg-1975-2 > .panel-grid-cell , #pg-1975-2 > .panel-row-style > .panel-grid-cell { width:100%;margin-right:0 } #pgc-1975-0-0 , #pgc-1975-2-0 , #pgc-1975-2-1 , #pgc-1975-2-2 { margin-bottom:30px } #pl-1975 .panel-grid-cell { padding:0 } #pl-1975 .panel-grid .panel-grid-cell-empty { display:none } #pl-1975 .panel-grid .panel-grid-cell-mobile-last { margin-bottom:0px }  } <\/style>\n","protected":false},"excerpt":{"rendered":"","protected":false},"author":1,"featured_media":1434,"parent":0,"menu_order":0,"comment_status":"closed","ping_status":"closed","template":"","meta":{"_acf_changed":false,"footnotes":"","_wp_rev_ctl_limit":""},"class_list":["post-1975","page","type-page","status-publish","has-post-thumbnail","hentry"],"acf":[],"yoast_head":"<!-- This site is optimized with the Yoast SEO plugin v27.1.1 - https:\/\/yoast.com\/product\/yoast-seo-wordpress\/ -->\n<title>About company - Composite Eesti O\u00dc<\/title>\n<meta name=\"description\" content=\"Firma Composite Eesti O\u00dc tegeleb pol\u00fcester- ja epoks\u00fcvaikude ning nendega seonduvate materjalide ja tarvikute maaletoomise ja m\u00fc\u00fcmisega. pol\u00fcestervaigud, epoks\u00fcvaigud, klaas- s\u00fcsinik ja kevlarkiust materjalid, sandwitch materjalid, vormi eraldusained, t\u00f6\u00f6riistad (rullid, p\u00fcstolid, seadmed jpm.), tehniline n\u00f5ustamine.\" \/>\n<meta name=\"robots\" content=\"index, follow, max-snippet:-1, max-image-preview:large, max-video-preview:-1\" \/>\n<link rel=\"canonical\" href=\"https:\/\/www.composite.ee\/en\/about-company\/\" \/>\n<meta property=\"og:locale\" content=\"en_US\" \/>\n<meta property=\"og:type\" content=\"article\" \/>\n<meta property=\"og:title\" content=\"About company - Composite Eesti O\u00dc\" \/>\n<meta property=\"og:description\" content=\"Firma Composite Eesti O\u00dc tegeleb pol\u00fcester- ja epoks\u00fcvaikude ning nendega seonduvate materjalide ja tarvikute maaletoomise ja m\u00fc\u00fcmisega. pol\u00fcestervaigud, epoks\u00fcvaigud, klaas- s\u00fcsinik ja kevlarkiust materjalid, sandwitch materjalid, vormi eraldusained, t\u00f6\u00f6riistad (rullid, p\u00fcstolid, seadmed jpm.), tehniline n\u00f5ustamine.\" \/>\n<meta property=\"og:url\" content=\"https:\/\/www.composite.ee\/en\/about-company\/\" \/>\n<meta property=\"og:site_name\" content=\"Composite Eesti O\u00dc\" \/>\n<meta property=\"article:modified_time\" content=\"2020-03-25T12:51:12+00:00\" \/>\n<meta property=\"og:image\" content=\"https:\/\/www.composite.ee\/wp-content\/uploads\/2018\/02\/composite-background-1.jpg\" \/>\n\t<meta property=\"og:image:width\" content=\"1920\" \/>\n\t<meta property=\"og:image:height\" content=\"1080\" \/>\n\t<meta property=\"og:image:type\" content=\"image\/jpeg\" \/>\n<meta name=\"twitter:card\" content=\"summary_large_image\" \/>\n<script type=\"application\/ld+json\" class=\"yoast-schema-graph\">{\"@context\":\"https:\/\/schema.org\",\"@graph\":[{\"@type\":\"WebPage\",\"@id\":\"https:\/\/www.composite.ee\/en\/about-company\/\",\"url\":\"https:\/\/www.composite.ee\/en\/about-company\/\",\"name\":\"About company - Composite Eesti O\u00dc\",\"isPartOf\":{\"@id\":\"https:\/\/www.composite.ee\/#website\"},\"primaryImageOfPage\":{\"@id\":\"https:\/\/www.composite.ee\/en\/about-company\/#primaryimage\"},\"image\":{\"@id\":\"https:\/\/www.composite.ee\/en\/about-company\/#primaryimage\"},\"thumbnailUrl\":\"https:\/\/www.composite.ee\/wp-content\/uploads\/2018\/02\/composite-background-1.jpg\",\"datePublished\":\"2017-04-05T14:48:35+00:00\",\"dateModified\":\"2020-03-25T12:51:12+00:00\",\"description\":\"Firma Composite Eesti O\u00dc tegeleb pol\u00fcester- ja epoks\u00fcvaikude ning nendega seonduvate materjalide ja tarvikute maaletoomise ja m\u00fc\u00fcmisega. pol\u00fcestervaigud, epoks\u00fcvaigud, klaas- s\u00fcsinik ja kevlarkiust materjalid, sandwitch materjalid, vormi eraldusained, t\u00f6\u00f6riistad (rullid, p\u00fcstolid, seadmed jpm.), tehniline n\u00f5ustamine.\",\"breadcrumb\":{\"@id\":\"https:\/\/www.composite.ee\/en\/about-company\/#breadcrumb\"},\"inLanguage\":\"en-US\",\"potentialAction\":[{\"@type\":\"ReadAction\",\"target\":[\"https:\/\/www.composite.ee\/en\/about-company\/\"]}]},{\"@type\":\"ImageObject\",\"inLanguage\":\"en-US\",\"@id\":\"https:\/\/www.composite.ee\/en\/about-company\/#primaryimage\",\"url\":\"https:\/\/www.composite.ee\/wp-content\/uploads\/2018\/02\/composite-background-1.jpg\",\"contentUrl\":\"https:\/\/www.composite.ee\/wp-content\/uploads\/2018\/02\/composite-background-1.jpg\",\"width\":1920,\"height\":1080},{\"@type\":\"BreadcrumbList\",\"@id\":\"https:\/\/www.composite.ee\/en\/about-company\/#breadcrumb\",\"itemListElement\":[{\"@type\":\"ListItem\",\"position\":1,\"name\":\"Home\",\"item\":\"https:\/\/www.composite.ee\/en\/\"},{\"@type\":\"ListItem\",\"position\":2,\"name\":\"About company\"}]},{\"@type\":\"WebSite\",\"@id\":\"https:\/\/www.composite.ee\/#website\",\"url\":\"https:\/\/www.composite.ee\/\",\"name\":\"Composite Eesti O\u00dc\",\"description\":\"Pol\u00fcester- ja epoks\u00fcvaigud\",\"publisher\":{\"@id\":\"https:\/\/www.composite.ee\/#organization\"},\"potentialAction\":[{\"@type\":\"SearchAction\",\"target\":{\"@type\":\"EntryPoint\",\"urlTemplate\":\"https:\/\/www.composite.ee\/?s={search_term_string}\"},\"query-input\":{\"@type\":\"PropertyValueSpecification\",\"valueRequired\":true,\"valueName\":\"search_term_string\"}}],\"inLanguage\":\"en-US\"},{\"@type\":\"Organization\",\"@id\":\"https:\/\/www.composite.ee\/#organization\",\"name\":\"Composite Eesti O\u00dc\",\"url\":\"https:\/\/www.composite.ee\/\",\"logo\":{\"@type\":\"ImageObject\",\"inLanguage\":\"en-US\",\"@id\":\"https:\/\/www.composite.ee\/#\/schema\/logo\/image\/\",\"url\":\"http:\/\/www.composite.ee\/wp-content\/uploads\/2017\/04\/Composite.ee_web_logo_2x.png\",\"contentUrl\":\"http:\/\/www.composite.ee\/wp-content\/uploads\/2017\/04\/Composite.ee_web_logo_2x.png\",\"width\":390,\"height\":184,\"caption\":\"Composite Eesti O\u00dc\"},\"image\":{\"@id\":\"https:\/\/www.composite.ee\/#\/schema\/logo\/image\/\"}}]}<\/script>\n<!-- \/ Yoast SEO plugin. -->","yoast_head_json":{"title":"About company - Composite Eesti O\u00dc","description":"Firma Composite Eesti O\u00dc tegeleb pol\u00fcester- ja epoks\u00fcvaikude ning nendega seonduvate materjalide ja tarvikute maaletoomise ja m\u00fc\u00fcmisega. pol\u00fcestervaigud, epoks\u00fcvaigud, klaas- s\u00fcsinik ja kevlarkiust materjalid, sandwitch materjalid, vormi eraldusained, t\u00f6\u00f6riistad (rullid, p\u00fcstolid, seadmed jpm.), tehniline n\u00f5ustamine.","robots":{"index":"index","follow":"follow","max-snippet":"max-snippet:-1","max-image-preview":"max-image-preview:large","max-video-preview":"max-video-preview:-1"},"canonical":"https:\/\/www.composite.ee\/en\/about-company\/","og_locale":"en_US","og_type":"article","og_title":"About company - Composite Eesti O\u00dc","og_description":"Firma Composite Eesti O\u00dc tegeleb pol\u00fcester- ja epoks\u00fcvaikude ning nendega seonduvate materjalide ja tarvikute maaletoomise ja m\u00fc\u00fcmisega. pol\u00fcestervaigud, epoks\u00fcvaigud, klaas- s\u00fcsinik ja kevlarkiust materjalid, sandwitch materjalid, vormi eraldusained, t\u00f6\u00f6riistad (rullid, p\u00fcstolid, seadmed jpm.), tehniline n\u00f5ustamine.","og_url":"https:\/\/www.composite.ee\/en\/about-company\/","og_site_name":"Composite Eesti O\u00dc","article_modified_time":"2020-03-25T12:51:12+00:00","og_image":[{"width":1920,"height":1080,"url":"https:\/\/www.composite.ee\/wp-content\/uploads\/2018\/02\/composite-background-1.jpg","type":"image\/jpeg"}],"twitter_card":"summary_large_image","schema":{"@context":"https:\/\/schema.org","@graph":[{"@type":"WebPage","@id":"https:\/\/www.composite.ee\/en\/about-company\/","url":"https:\/\/www.composite.ee\/en\/about-company\/","name":"About company - Composite Eesti O\u00dc","isPartOf":{"@id":"https:\/\/www.composite.ee\/#website"},"primaryImageOfPage":{"@id":"https:\/\/www.composite.ee\/en\/about-company\/#primaryimage"},"image":{"@id":"https:\/\/www.composite.ee\/en\/about-company\/#primaryimage"},"thumbnailUrl":"https:\/\/www.composite.ee\/wp-content\/uploads\/2018\/02\/composite-background-1.jpg","datePublished":"2017-04-05T14:48:35+00:00","dateModified":"2020-03-25T12:51:12+00:00","description":"Firma Composite Eesti O\u00dc tegeleb pol\u00fcester- ja epoks\u00fcvaikude ning nendega seonduvate materjalide ja tarvikute maaletoomise ja m\u00fc\u00fcmisega. pol\u00fcestervaigud, epoks\u00fcvaigud, klaas- s\u00fcsinik ja kevlarkiust materjalid, sandwitch materjalid, vormi eraldusained, t\u00f6\u00f6riistad (rullid, p\u00fcstolid, seadmed jpm.), tehniline n\u00f5ustamine.","breadcrumb":{"@id":"https:\/\/www.composite.ee\/en\/about-company\/#breadcrumb"},"inLanguage":"en-US","potentialAction":[{"@type":"ReadAction","target":["https:\/\/www.composite.ee\/en\/about-company\/"]}]},{"@type":"ImageObject","inLanguage":"en-US","@id":"https:\/\/www.composite.ee\/en\/about-company\/#primaryimage","url":"https:\/\/www.composite.ee\/wp-content\/uploads\/2018\/02\/composite-background-1.jpg","contentUrl":"https:\/\/www.composite.ee\/wp-content\/uploads\/2018\/02\/composite-background-1.jpg","width":1920,"height":1080},{"@type":"BreadcrumbList","@id":"https:\/\/www.composite.ee\/en\/about-company\/#breadcrumb","itemListElement":[{"@type":"ListItem","position":1,"name":"Home","item":"https:\/\/www.composite.ee\/en\/"},{"@type":"ListItem","position":2,"name":"About company"}]},{"@type":"WebSite","@id":"https:\/\/www.composite.ee\/#website","url":"https:\/\/www.composite.ee\/","name":"Composite Eesti O\u00dc","description":"Pol\u00fcester- ja epoks\u00fcvaigud","publisher":{"@id":"https:\/\/www.composite.ee\/#organization"},"potentialAction":[{"@type":"SearchAction","target":{"@type":"EntryPoint","urlTemplate":"https:\/\/www.composite.ee\/?s={search_term_string}"},"query-input":{"@type":"PropertyValueSpecification","valueRequired":true,"valueName":"search_term_string"}}],"inLanguage":"en-US"},{"@type":"Organization","@id":"https:\/\/www.composite.ee\/#organization","name":"Composite Eesti O\u00dc","url":"https:\/\/www.composite.ee\/","logo":{"@type":"ImageObject","inLanguage":"en-US","@id":"https:\/\/www.composite.ee\/#\/schema\/logo\/image\/","url":"http:\/\/www.composite.ee\/wp-content\/uploads\/2017\/04\/Composite.ee_web_logo_2x.png","contentUrl":"http:\/\/www.composite.ee\/wp-content\/uploads\/2017\/04\/Composite.ee_web_logo_2x.png","width":390,"height":184,"caption":"Composite Eesti O\u00dc"},"image":{"@id":"https:\/\/www.composite.ee\/#\/schema\/logo\/image\/"}}]}},"_links":{"self":[{"href":"https:\/\/www.composite.ee\/en\/wp-json\/wp\/v2\/pages\/1975","targetHints":{"allow":["GET"]}}],"collection":[{"href":"https:\/\/www.composite.ee\/en\/wp-json\/wp\/v2\/pages"}],"about":[{"href":"https:\/\/www.composite.ee\/en\/wp-json\/wp\/v2\/types\/page"}],"author":[{"embeddable":true,"href":"https:\/\/www.composite.ee\/en\/wp-json\/wp\/v2\/users\/1"}],"replies":[{"embeddable":true,"href":"https:\/\/www.composite.ee\/en\/wp-json\/wp\/v2\/comments?post=1975"}],"version-history":[{"count":11,"href":"https:\/\/www.composite.ee\/en\/wp-json\/wp\/v2\/pages\/1975\/revisions"}],"predecessor-version":[{"id":2735,"href":"https:\/\/www.composite.ee\/en\/wp-json\/wp\/v2\/pages\/1975\/revisions\/2735"}],"wp:featuredmedia":[{"embeddable":true,"href":"https:\/\/www.composite.ee\/en\/wp-json\/wp\/v2\/media\/1434"}],"wp:attachment":[{"href":"https:\/\/www.composite.ee\/en\/wp-json\/wp\/v2\/media?parent=1975"}],"curies":[{"name":"wp","href":"https:\/\/api.w.org\/{rel}","templated":true}]}}