{"id":2038,"date":"2016-04-18T11:21:18","date_gmt":"2016-04-18T11:21:18","guid":{"rendered":"http:\/\/composite.ee\/?page_id=2038"},"modified":"2019-12-04T11:12:13","modified_gmt":"2019-12-04T11:12:13","slug":"contact","status":"publish","type":"page","link":"https:\/\/www.composite.ee\/en\/contact\/","title":{"rendered":"Contact"},"content":{"rendered":"<div id=\"pl-2038\"  class=\"panel-layout\" ><div id=\"pg-2038-0\"  class=\"panel-grid panel-no-style\" ><div id=\"pgc-2038-0-0\"  class=\"panel-grid-cell\" ><div id=\"panel-2038-0-0-0\" class=\"widget_text so-panel widget widget_custom_html panel-first-child panel-last-child\" data-index=\"0\" ><h3 class=\"widget-title\"><span class=\"widget-title__inline\">Composite Eesti O\u00dc<\/span><\/h3><div class=\"textwidget custom-html-widget\"><\/div><\/div><\/div><\/div><div id=\"pg-2038-1\"  class=\"panel-grid panel-no-style\" ><div id=\"pgc-2038-1-0\"  class=\"panel-grid-cell\" ><div id=\"panel-2038-1-0-0\" class=\"widget_text so-panel widget widget_custom_html panel-first-child panel-last-child\" data-index=\"1\" ><div class=\"widget_text panel-widget-style panel-widget-style-for-2038-1-0-0\" ><div class=\"textwidget custom-html-widget\"><strong>Address<\/strong><br>\n\nTelliskivi 51d, 10611 Tallinn, Estonia<br>\n<strong>Opening times: MON.- FRI. 8:00-16:30<\/strong>\n\n<\/div><\/div><\/div><\/div><div id=\"pgc-2038-1-1\"  class=\"panel-grid-cell\" ><div id=\"panel-2038-1-1-0\" class=\"widget_text so-panel widget widget_custom_html panel-first-child panel-last-child\" data-index=\"2\" ><div class=\"widget_text panel-widget-style panel-widget-style-for-2038-1-1-0\" ><div class=\"textwidget custom-html-widget\"><strong>Contacts<\/strong><br>\n\n<strong>Phone:<\/strong> +372 508 4432<br>\n<strong>E-mail:<\/strong> info@composite.ee\n\n&nbsp;<\/div><\/div><\/div><\/div><div id=\"pgc-2038-1-2\"  class=\"panel-grid-cell\" ><div id=\"panel-2038-1-2-0\" class=\"widget_text so-panel widget widget_custom_html panel-first-child panel-last-child\" data-index=\"3\" ><div class=\"widget_text panel-widget-style panel-widget-style-for-2038-1-2-0\" ><div class=\"textwidget custom-html-widget\"><strong>Company details<\/strong><br>\n\nRegister code 12893865<br>\nVat nr.EE101813196<br>\nSwedbank, IBAN: EE742200221062539178<br>\nSWIFT: HABAEE2X\n\n&nbsp;<\/div><\/div><\/div><\/div><\/div><div id=\"pg-2038-2\"  class=\"panel-grid panel-no-style\" ><div id=\"pgc-2038-2-0\"  class=\"panel-grid-cell\" ><div id=\"panel-2038-2-0-0\" class=\"widget_text so-panel widget widget_custom_html panel-first-child panel-last-child\" data-index=\"4\" ><h3 class=\"widget-title\"><span class=\"widget-title__inline\">Ask for more information<\/span><\/h3><div class=\"textwidget custom-html-widget\"><\/div><\/div><\/div><\/div><div id=\"pg-2038-3\"  class=\"panel-grid panel-no-style\" ><div id=\"pgc-2038-3-0\"  class=\"panel-grid-cell\" ><div id=\"panel-2038-3-0-0\" class=\"widget_text so-panel widget widget_custom_html panel-first-child panel-last-child\" data-index=\"5\" ><div class=\"textwidget custom-html-widget\">\n<div class=\"wpcf7 no-js\" id=\"wpcf7-f2106-o1\" lang=\"en-US\" dir=\"ltr\" data-wpcf7-id=\"2106\">\n<div class=\"screen-reader-response\"><p role=\"status\" aria-live=\"polite\" aria-atomic=\"true\"><\/p> <ul><\/ul><\/div>\n<form action=\"\/en\/wp-json\/wp\/v2\/pages\/2038#wpcf7-f2106-o1\" method=\"post\" class=\"wpcf7-form init\" aria-label=\"Contact form\" novalidate=\"novalidate\" data-status=\"init\">\n<fieldset class=\"hidden-fields-container\"><input type=\"hidden\" name=\"_wpcf7\" value=\"2106\" \/><input type=\"hidden\" name=\"_wpcf7_version\" value=\"6.1.5\" \/><input type=\"hidden\" name=\"_wpcf7_locale\" value=\"en_US\" \/><input type=\"hidden\" name=\"_wpcf7_unit_tag\" value=\"wpcf7-f2106-o1\" \/><input type=\"hidden\" name=\"_wpcf7_container_post\" value=\"0\" \/><input type=\"hidden\" name=\"_wpcf7_posted_data_hash\" value=\"\" \/><input type=\"hidden\" name=\"_wpcf7_recaptcha_response\" value=\"\" \/>\n<\/fieldset>\n<div class=\"row\">\n\t<div class=\"col-xs-12\">\n\t\t<p><label for=\"your-name\">Name <span>(required)<\/span><\/label><span class=\"wpcf7-form-control-wrap\" data-name=\"your-name\"><input size=\"40\" maxlength=\"400\" class=\"wpcf7-form-control wpcf7-text wpcf7-validates-as-required\" id=\"your-name\" aria-required=\"true\" aria-invalid=\"false\" value=\"\" type=\"text\" name=\"your-name\" \/><\/span>\n\t\t<\/p>\n\t<\/div>\n\t<div class=\"col-xs-12\">\n\t\t<p><label for=\"your-email\">E-mail <span>(required)<\/span><\/label><span class=\"wpcf7-form-control-wrap\" data-name=\"your-email\"><input size=\"40\" maxlength=\"400\" class=\"wpcf7-form-control wpcf7-email wpcf7-validates-as-required wpcf7-text wpcf7-validates-as-email\" id=\"your-email\" aria-required=\"true\" aria-invalid=\"false\" value=\"\" type=\"email\" name=\"your-email\" \/><\/span>\n\t\t<\/p>\n\t<\/div>\n<\/div>\n<div class=\"row\">\n\t<div class=\"col-xs-12\">\n\t\t<p><label for=\"your-phone\">Contact phone <span>(required)<\/span><\/label><span class=\"wpcf7-form-control-wrap\" data-name=\"your-phone\"><input size=\"40\" maxlength=\"400\" class=\"wpcf7-form-control wpcf7-tel wpcf7-validates-as-required wpcf7-text wpcf7-validates-as-tel\" id=\"your-phone\" aria-required=\"true\" aria-invalid=\"false\" value=\"\" type=\"tel\" name=\"your-phone\" \/><\/span>\n\t\t<\/p>\n\t<\/div>\n\t<div class=\"col-xs-12\">\n\t\t<p><label for=\"your-subject\">Subject<\/label><span class=\"wpcf7-form-control-wrap\" data-name=\"your-subject\"><input size=\"40\" maxlength=\"400\" class=\"wpcf7-form-control wpcf7-text\" id=\"your-subject\" aria-invalid=\"false\" value=\"\" type=\"text\" name=\"your-subject\" \/><\/span>\n\t\t<\/p>\n\t<\/div>\n<\/div>\n<div class=\"row\">\n\t<div class=\"col-xs-12\">\n\t\t<p><label for=\"your-message\">Your message <span>(required)<\/span><\/label><span class=\"wpcf7-form-control-wrap\" data-name=\"your-message\"><textarea cols=\"40\" rows=\"10\" maxlength=\"2000\" class=\"wpcf7-form-control wpcf7-textarea wpcf7-validates-as-required\" id=\"your-message\" aria-required=\"true\" aria-invalid=\"false\" name=\"your-message\"><\/textarea><\/span>\n\t\t<\/p>\n\t\t<div class=\"wpcf7-notice\">\n\t\t<\/div>\n\t\n\t\t<p><input class=\"wpcf7-form-control wpcf7-submit has-spinner btn btn-primary\" type=\"submit\" value=\"SEND\" \/>\n\t\t<\/p>\n\t<\/div>\n<\/div><input type='hidden' class='wpcf7-pum' value='{\"closepopup\":false,\"closedelay\":0,\"openpopup\":false,\"openpopup_id\":0}' \/><div class=\"wpcf7-response-output\" aria-hidden=\"true\"><\/div>\n<\/form>\n<\/div>\n<\/div><\/div><\/div><div id=\"pgc-2038-3-1\"  class=\"panel-grid-cell\" ><div id=\"panel-2038-3-1-0\" class=\"widget_text so-panel widget widget_custom_html panel-first-child\" data-index=\"6\" ><div class=\"widget_text google-maps panel-widget-style panel-widget-style-for-2038-3-1-0\" ><div class=\"textwidget custom-html-widget\"><iframe loading=\"lazy\" src=\"https:\/\/www.google.com\/maps\/d\/u\/0\/embed?mid=1-nMkrf0SA1QsCpGTu9NQepZc2_PibxxJ\" width=\"640\" height=\"480\"><\/iframe><\/div><\/div><\/div><div id=\"panel-2038-3-1-1\" class=\"so-panel widget widget_media_image panel-last-child\" data-index=\"7\" ><img loading=\"lazy\" decoding=\"async\" width=\"1858\" height=\"1087\" src=\"https:\/\/www.composite.ee\/wp-content\/uploads\/2018\/03\/Composite-Eesti-ladu.jpg\" class=\"image wp-image-1670  attachment-full size-full\" alt=\"Composite Eesti\" style=\"max-width: 100%; height: auto;\" srcset=\"https:\/\/www.composite.ee\/wp-content\/uploads\/2018\/03\/Composite-Eesti-ladu.jpg 1858w, https:\/\/www.composite.ee\/wp-content\/uploads\/2018\/03\/Composite-Eesti-ladu-300x176.jpg 300w, https:\/\/www.composite.ee\/wp-content\/uploads\/2018\/03\/Composite-Eesti-ladu-768x449.jpg 768w, https:\/\/www.composite.ee\/wp-content\/uploads\/2018\/03\/Composite-Eesti-ladu-1024x599.jpg 1024w, https:\/\/www.composite.ee\/wp-content\/uploads\/2018\/03\/Composite-Eesti-ladu-540x316.jpg 540w\" sizes=\"auto, (max-width: 1858px) 100vw, 1858px\" \/><\/div><\/div><\/div><\/div>","protected":false},"excerpt":{"rendered":"<p>Composite Eesti O\u00dcAddress Telliskivi 51d, 10611 Tallinn, Estonia Opening times: MON.- FRI. 8:00-16:30 Contacts Phone: +372 508 4432 E-mail: info@composite.ee &nbsp;Company details Register code 12893865 Vat nr.EE101813196 Swedbank, IBAN: EE742200221062539178 SWIFT: HABAEE2X &nbsp;Ask for more information Name (required) E-mail (required) Contact phone (required) Subject Your message (required)<\/p>\n","protected":false},"author":1,"featured_media":1670,"parent":0,"menu_order":0,"comment_status":"closed","ping_status":"closed","template":"","meta":{"_acf_changed":false,"footnotes":"","_wp_rev_ctl_limit":""},"class_list":["post-2038","page","type-page","status-publish","has-post-thumbnail","hentry"],"acf":[],"yoast_head":"<!-- This site is optimized with the Yoast SEO plugin v27.1.1 - https:\/\/yoast.com\/product\/yoast-seo-wordpress\/ -->\n<title>Contact - Composite Eesti O\u00dc<\/title>\n<meta name=\"description\" content=\"Composite Eesti O\u00dc Aadress Telliskivi 51d, 10611 Tallinn, Eesti Ladu avatud: E- R 8:00-16:30 Kontakt Telefon: +372 508 4432 E-post: info@composite.ee\" \/>\n<meta name=\"robots\" content=\"index, follow, max-snippet:-1, max-image-preview:large, max-video-preview:-1\" \/>\n<link rel=\"canonical\" href=\"https:\/\/www.composite.ee\/en\/contact\/\" \/>\n<meta property=\"og:locale\" content=\"en_US\" \/>\n<meta property=\"og:type\" content=\"article\" \/>\n<meta property=\"og:title\" content=\"Contact - Composite Eesti O\u00dc\" \/>\n<meta property=\"og:description\" content=\"Composite Eesti O\u00dc Aadress Telliskivi 51d, 10611 Tallinn, Eesti Ladu avatud: E- R 8:00-16:30 Kontakt Telefon: +372 508 4432 E-post: info@composite.ee\" \/>\n<meta property=\"og:url\" content=\"https:\/\/www.composite.ee\/en\/contact\/\" \/>\n<meta property=\"og:site_name\" content=\"Composite Eesti O\u00dc\" \/>\n<meta property=\"article:modified_time\" content=\"2019-12-04T11:12:13+00:00\" \/>\n<meta property=\"og:image\" content=\"https:\/\/www.composite.ee\/wp-content\/uploads\/2018\/03\/Composite-Eesti-ladu.jpg\" \/>\n\t<meta property=\"og:image:width\" content=\"1858\" \/>\n\t<meta property=\"og:image:height\" content=\"1087\" \/>\n\t<meta property=\"og:image:type\" content=\"image\/jpeg\" \/>\n<meta name=\"twitter:card\" content=\"summary_large_image\" \/>\n<script type=\"application\/ld+json\" class=\"yoast-schema-graph\">{\"@context\":\"https:\/\/schema.org\",\"@graph\":[{\"@type\":\"WebPage\",\"@id\":\"https:\/\/www.composite.ee\/en\/contact\/\",\"url\":\"https:\/\/www.composite.ee\/en\/contact\/\",\"name\":\"Contact - Composite Eesti O\u00dc\",\"isPartOf\":{\"@id\":\"https:\/\/www.composite.ee\/#website\"},\"primaryImageOfPage\":{\"@id\":\"https:\/\/www.composite.ee\/en\/contact\/#primaryimage\"},\"image\":{\"@id\":\"https:\/\/www.composite.ee\/en\/contact\/#primaryimage\"},\"thumbnailUrl\":\"https:\/\/www.composite.ee\/wp-content\/uploads\/2018\/03\/Composite-Eesti-ladu.jpg\",\"datePublished\":\"2016-04-18T11:21:18+00:00\",\"dateModified\":\"2019-12-04T11:12:13+00:00\",\"description\":\"Composite Eesti O\u00dc Aadress Telliskivi 51d, 10611 Tallinn, Eesti Ladu avatud: E- R 8:00-16:30 Kontakt Telefon: +372 508 4432 E-post: info@composite.ee\",\"breadcrumb\":{\"@id\":\"https:\/\/www.composite.ee\/en\/contact\/#breadcrumb\"},\"inLanguage\":\"en-US\",\"potentialAction\":[{\"@type\":\"ReadAction\",\"target\":[\"https:\/\/www.composite.ee\/en\/contact\/\"]}]},{\"@type\":\"ImageObject\",\"inLanguage\":\"en-US\",\"@id\":\"https:\/\/www.composite.ee\/en\/contact\/#primaryimage\",\"url\":\"https:\/\/www.composite.ee\/wp-content\/uploads\/2018\/03\/Composite-Eesti-ladu.jpg\",\"contentUrl\":\"https:\/\/www.composite.ee\/wp-content\/uploads\/2018\/03\/Composite-Eesti-ladu.jpg\",\"width\":1858,\"height\":1087,\"caption\":\"Composite Eesti\"},{\"@type\":\"BreadcrumbList\",\"@id\":\"https:\/\/www.composite.ee\/en\/contact\/#breadcrumb\",\"itemListElement\":[{\"@type\":\"ListItem\",\"position\":1,\"name\":\"Home\",\"item\":\"https:\/\/www.composite.ee\/en\/\"},{\"@type\":\"ListItem\",\"position\":2,\"name\":\"Contact\"}]},{\"@type\":\"WebSite\",\"@id\":\"https:\/\/www.composite.ee\/#website\",\"url\":\"https:\/\/www.composite.ee\/\",\"name\":\"Composite Eesti O\u00dc\",\"description\":\"Pol\u00fcester- ja epoks\u00fcvaigud\",\"publisher\":{\"@id\":\"https:\/\/www.composite.ee\/#organization\"},\"potentialAction\":[{\"@type\":\"SearchAction\",\"target\":{\"@type\":\"EntryPoint\",\"urlTemplate\":\"https:\/\/www.composite.ee\/?s={search_term_string}\"},\"query-input\":{\"@type\":\"PropertyValueSpecification\",\"valueRequired\":true,\"valueName\":\"search_term_string\"}}],\"inLanguage\":\"en-US\"},{\"@type\":\"Organization\",\"@id\":\"https:\/\/www.composite.ee\/#organization\",\"name\":\"Composite Eesti O\u00dc\",\"url\":\"https:\/\/www.composite.ee\/\",\"logo\":{\"@type\":\"ImageObject\",\"inLanguage\":\"en-US\",\"@id\":\"https:\/\/www.composite.ee\/#\/schema\/logo\/image\/\",\"url\":\"http:\/\/www.composite.ee\/wp-content\/uploads\/2017\/04\/Composite.ee_web_logo_2x.png\",\"contentUrl\":\"http:\/\/www.composite.ee\/wp-content\/uploads\/2017\/04\/Composite.ee_web_logo_2x.png\",\"width\":390,\"height\":184,\"caption\":\"Composite Eesti O\u00dc\"},\"image\":{\"@id\":\"https:\/\/www.composite.ee\/#\/schema\/logo\/image\/\"}}]}<\/script>\n<!-- \/ Yoast SEO plugin. -->","yoast_head_json":{"title":"Contact - Composite Eesti O\u00dc","description":"Composite Eesti O\u00dc Aadress Telliskivi 51d, 10611 Tallinn, Eesti Ladu avatud: E- R 8:00-16:30 Kontakt Telefon: +372 508 4432 E-post: info@composite.ee","robots":{"index":"index","follow":"follow","max-snippet":"max-snippet:-1","max-image-preview":"max-image-preview:large","max-video-preview":"max-video-preview:-1"},"canonical":"https:\/\/www.composite.ee\/en\/contact\/","og_locale":"en_US","og_type":"article","og_title":"Contact - Composite Eesti O\u00dc","og_description":"Composite Eesti O\u00dc Aadress Telliskivi 51d, 10611 Tallinn, Eesti Ladu avatud: E- R 8:00-16:30 Kontakt Telefon: +372 508 4432 E-post: info@composite.ee","og_url":"https:\/\/www.composite.ee\/en\/contact\/","og_site_name":"Composite Eesti O\u00dc","article_modified_time":"2019-12-04T11:12:13+00:00","og_image":[{"width":1858,"height":1087,"url":"https:\/\/www.composite.ee\/wp-content\/uploads\/2018\/03\/Composite-Eesti-ladu.jpg","type":"image\/jpeg"}],"twitter_card":"summary_large_image","schema":{"@context":"https:\/\/schema.org","@graph":[{"@type":"WebPage","@id":"https:\/\/www.composite.ee\/en\/contact\/","url":"https:\/\/www.composite.ee\/en\/contact\/","name":"Contact - Composite Eesti O\u00dc","isPartOf":{"@id":"https:\/\/www.composite.ee\/#website"},"primaryImageOfPage":{"@id":"https:\/\/www.composite.ee\/en\/contact\/#primaryimage"},"image":{"@id":"https:\/\/www.composite.ee\/en\/contact\/#primaryimage"},"thumbnailUrl":"https:\/\/www.composite.ee\/wp-content\/uploads\/2018\/03\/Composite-Eesti-ladu.jpg","datePublished":"2016-04-18T11:21:18+00:00","dateModified":"2019-12-04T11:12:13+00:00","description":"Composite Eesti O\u00dc Aadress Telliskivi 51d, 10611 Tallinn, Eesti Ladu avatud: E- R 8:00-16:30 Kontakt Telefon: +372 508 4432 E-post: info@composite.ee","breadcrumb":{"@id":"https:\/\/www.composite.ee\/en\/contact\/#breadcrumb"},"inLanguage":"en-US","potentialAction":[{"@type":"ReadAction","target":["https:\/\/www.composite.ee\/en\/contact\/"]}]},{"@type":"ImageObject","inLanguage":"en-US","@id":"https:\/\/www.composite.ee\/en\/contact\/#primaryimage","url":"https:\/\/www.composite.ee\/wp-content\/uploads\/2018\/03\/Composite-Eesti-ladu.jpg","contentUrl":"https:\/\/www.composite.ee\/wp-content\/uploads\/2018\/03\/Composite-Eesti-ladu.jpg","width":1858,"height":1087,"caption":"Composite Eesti"},{"@type":"BreadcrumbList","@id":"https:\/\/www.composite.ee\/en\/contact\/#breadcrumb","itemListElement":[{"@type":"ListItem","position":1,"name":"Home","item":"https:\/\/www.composite.ee\/en\/"},{"@type":"ListItem","position":2,"name":"Contact"}]},{"@type":"WebSite","@id":"https:\/\/www.composite.ee\/#website","url":"https:\/\/www.composite.ee\/","name":"Composite Eesti O\u00dc","description":"Pol\u00fcester- ja epoks\u00fcvaigud","publisher":{"@id":"https:\/\/www.composite.ee\/#organization"},"potentialAction":[{"@type":"SearchAction","target":{"@type":"EntryPoint","urlTemplate":"https:\/\/www.composite.ee\/?s={search_term_string}"},"query-input":{"@type":"PropertyValueSpecification","valueRequired":true,"valueName":"search_term_string"}}],"inLanguage":"en-US"},{"@type":"Organization","@id":"https:\/\/www.composite.ee\/#organization","name":"Composite Eesti O\u00dc","url":"https:\/\/www.composite.ee\/","logo":{"@type":"ImageObject","inLanguage":"en-US","@id":"https:\/\/www.composite.ee\/#\/schema\/logo\/image\/","url":"http:\/\/www.composite.ee\/wp-content\/uploads\/2017\/04\/Composite.ee_web_logo_2x.png","contentUrl":"http:\/\/www.composite.ee\/wp-content\/uploads\/2017\/04\/Composite.ee_web_logo_2x.png","width":390,"height":184,"caption":"Composite Eesti O\u00dc"},"image":{"@id":"https:\/\/www.composite.ee\/#\/schema\/logo\/image\/"}}]}},"_links":{"self":[{"href":"https:\/\/www.composite.ee\/en\/wp-json\/wp\/v2\/pages\/2038","targetHints":{"allow":["GET"]}}],"collection":[{"href":"https:\/\/www.composite.ee\/en\/wp-json\/wp\/v2\/pages"}],"about":[{"href":"https:\/\/www.composite.ee\/en\/wp-json\/wp\/v2\/types\/page"}],"author":[{"embeddable":true,"href":"https:\/\/www.composite.ee\/en\/wp-json\/wp\/v2\/users\/1"}],"replies":[{"embeddable":true,"href":"https:\/\/www.composite.ee\/en\/wp-json\/wp\/v2\/comments?post=2038"}],"version-history":[{"count":7,"href":"https:\/\/www.composite.ee\/en\/wp-json\/wp\/v2\/pages\/2038\/revisions"}],"predecessor-version":[{"id":2572,"href":"https:\/\/www.composite.ee\/en\/wp-json\/wp\/v2\/pages\/2038\/revisions\/2572"}],"wp:featuredmedia":[{"embeddable":true,"href":"https:\/\/www.composite.ee\/en\/wp-json\/wp\/v2\/media\/1670"}],"wp:attachment":[{"href":"https:\/\/www.composite.ee\/en\/wp-json\/wp\/v2\/media?parent=2038"}],"curies":[{"name":"wp","href":"https:\/\/api.w.org\/{rel}","templated":true}]}}